{"id":1754,"date":"2018-10-01T16:50:11","date_gmt":"2018-10-01T14:50:11","guid":{"rendered":"http:\/\/cassandreluc.fr\/?page_id=1754"},"modified":"2018-10-12T14:21:09","modified_gmt":"2018-10-12T12:21:09","slug":"1754-2","status":"publish","type":"page","link":"https:\/\/cassandreluc.fr\/?page_id=1754","title":{"rendered":"Les installations tournent"},"content":{"rendered":"<p>[vc_row full_width=\u00a0\u00bbstretch_row_content_no_spaces\u00a0\u00bb equal_height=\u00a0\u00bbyes\u00a0\u00bb css=\u00a0\u00bb.vc_custom_1482328850208{margin-top: 0px !important;margin-bottom: 0px !important;padding-top: 0px !important;padding-bottom: 0px !important;background-color: #febf4e !important;}\u00a0\u00bb][vc_column width=\u00a0\u00bb1\/3&Prime;][vc_single_image image=\u00a0\u00bb1772&Prime; add_caption=\u00a0\u00bbyes\u00a0\u00bb alignment=\u00a0\u00bbright\u00a0\u00bb][\/vc_column][vc_column width=\u00a0\u00bb1\/3&Prime;][vc_custom_heading text=\u00a0\u00bbLes aventures de Super Gaillette\u00a0\u00bb font_container=\u00a0\u00bbtag:h1|text_align:left|color:%23e2930b\u00a0\u00bb use_theme_fonts=\u00a0\u00bbyes\u00a0\u00bb css=\u00a0\u00bb.vc_custom_1539345497244{padding-top: 100px !important;}\u00a0\u00bb][vc_column_text font_weight=\u00a0\u00bb400&Prime;]<span style=\"color: #333333;\">mercredi 24 octobre 2018 10h30 <\/span><\/p>\n<p><span style=\"color: #333333;\">Super Gaillette t\u2019emme\u0300ne dans ses aventures au c\u0153ur d\u2019une fore\u0302t de fouge\u0300res arborescentes, au fond des galeries de la mine ou encore dans une cite\u0301 minie\u0300re\u2026 De\u0301couvre l\u2019histoire de la mine et du 9-9bis, le temps d\u2019une visite conte\u0301e conc\u0327ue par la Compagnie Rabistok et anime\u0301e par les me\u0301diatrices du patrimoine du 9-9bis\u2026<\/span><br \/>\n<span style=\"color: #333333;\">Premi\u00e8re visite a \u00e9t\u00e9 jou\u00e9e le mercredi 11 juillet 2018 10h30 &#8211;<\/span><\/p>\n<p>&nbsp;[\/vc_column_text][vc_btn title=\u00a0\u00bbVoir le site de l&rsquo;\u00e9v\u00e8nement\u00a0\u00bb style=\u00a0\u00bboutline\u00a0\u00bb shape=\u00a0\u00bbround\u00a0\u00bb color=\u00a0\u00bbwhite\u00a0\u00bb css=\u00a0\u00bb.vc_custom_1538405084680{padding-bottom: 35px !important;}\u00a0\u00bb link=\u00a0\u00bburl:http%3A%2F%2F9-9bis.com%2Fagenda%2Fles-aventures-de-super-gaillette-2%2F||target:%20_blank|\u00a0\u00bb][\/vc_column][vc_column width=\u00a0\u00bb1\/3&Prime;][vc_single_image image=\u00a0\u00bb1563&Prime; img_size=\u00a0\u00bbfull\u00a0\u00bb css=\u00a0\u00bb.vc_custom_1538405630373{margin-top: -35px !important;margin-bottom: 0px !important;padding-top: 0px !important;padding-bottom: 0px !important;}\u00a0\u00bb][\/vc_column][\/vc_row][vc_row full_width=\u00a0\u00bbstretch_row_content_no_spaces\u00a0\u00bb equal_height=\u00a0\u00bbyes\u00a0\u00bb css=\u00a0\u00bb.vc_custom_1482328850208{margin-top: 0px !important;margin-bottom: 0px !important;padding-top: 0px !important;padding-bottom: 0px !important;background-color: #febf4e !important;}\u00a0\u00bb][vc_column width=\u00a0\u00bb1\/3&Prime;][vc_single_image image=\u00a0\u00bb1515&Prime; alignment=\u00a0\u00bbcenter\u00a0\u00bb style=\u00a0\u00bbvc_box_border_circle\u00a0\u00bb][\/vc_column][vc_column width=\u00a0\u00bb1\/3&Prime;][vc_custom_heading text=\u00a0\u00bb\u00c0 pas de loup\u00a0\u00bb font_container=\u00a0\u00bbtag:h1|text_align:left|color:%23d85831&Prime;][vc_column_text font_weight=\u00a0\u00bb400&Prime;]<\/p>\n<p style=\"text-align: left;\"><span style=\"color: #333333;\">Le 21 octobre 2018 &#8211; Jeune public<\/span><br \/>\n<span style=\"color: #333333;\">De 15 h 30 \u00e0 17 h 30. 7 \u20ac\/ 4 \u20ac (inclus dans le billet d\u2019entr\u00e9e). Gratuit pour les &#8211; de 18 ans.<\/span><\/p>\n<p style=\"text-align: left;\"><span style=\"color: #333333;\">Au c\u0153ur des collections, partez \u00e0 la recherche du loup qui vous fera d\u00e9couvrir le mus\u00e9e en jouant\u00a0!<\/span><\/p>\n<p style=\"text-align: left;\"><span style=\"color: #333333;\">Entrez, visitez, cherchez&#8230; et surtout: gare au loup!<\/span><\/p>\n<p style=\"text-align: left;\">[\/vc_column_text][vc_btn title=\u00a0\u00bbVoir le site de l&rsquo;\u00e9v\u00e8nement\u00a0\u00bb style=\u00a0\u00bboutline\u00a0\u00bb shape=\u00a0\u00bbround\u00a0\u00bb color=\u00a0\u00bbwhite\u00a0\u00bb css=\u00a0\u00bb.vc_custom_1539346480600{padding-bottom: 35px !important;}\u00a0\u00bb link=\u00a0\u00bburl:http%3A%2F%2Fwww.pba-lille.fr%2FAgenda%2F(offset)%2F8||target:%20_blank|\u00a0\u00bb][\/vc_column][vc_column width=\u00a0\u00bb1\/3&Prime;][vc_single_image image=\u00a0\u00bb1787&Prime; img_size=\u00a0\u00bblarge\u00a0\u00bb alignment=\u00a0\u00bbcenter\u00a0\u00bb][\/vc_column][\/vc_row]<\/p>\n","protected":false},"excerpt":{"rendered":"<p>[vc_row full_width=\u00a0\u00bbstretch_row_content_no_spaces\u00a0\u00bb equal_height=\u00a0\u00bbyes\u00a0\u00bb css=\u00a0\u00bb.vc_custom_1482328850208{margin-top: 0px !important;margin-bottom: 0px !important;padding-top: 0px !important;padding-bottom: 0px !important;background-color: #febf4e !important;}\u00a0\u00bb][vc_column width=\u00a0\u00bb1\/3&Prime;][vc_single_image image=\u00a0\u00bb1772&Prime; add_caption=\u00a0\u00bbyes\u00a0\u00bb alignment=\u00a0\u00bbright\u00a0\u00bb][\/vc_column][vc_column width=\u00a0\u00bb1\/3&Prime;][vc_custom_heading text=\u00a0\u00bbLes aventures de Super Gaillette\u00a0\u00bb font_container=\u00a0\u00bbtag:h1|text_align:left|color:%23e2930b\u00a0\u00bb use_theme_fonts=\u00a0\u00bbyes\u00a0\u00bb css=\u00a0\u00bb.vc_custom_1539345497244{padding-top: 100px !important;}\u00a0\u00bb][vc_column_text font_weight=\u00a0\u00bb400&Prime;]mercredi 24 octobre 2018 10h30 Super Gaillette t\u2019emme\u0300ne dans ses aventures au c\u0153ur d\u2019une fore\u0302t de fouge\u0300res arborescentes, au fond des galeries de la mine ou [&hellip;]<\/p>\n","protected":false},"author":2,"featured_media":0,"parent":0,"menu_order":0,"comment_status":"closed","ping_status":"closed","template":"","meta":{"footnotes":""},"_links":{"self":[{"href":"https:\/\/cassandreluc.fr\/index.php?rest_route=\/wp\/v2\/pages\/1754"}],"collection":[{"href":"https:\/\/cassandreluc.fr\/index.php?rest_route=\/wp\/v2\/pages"}],"about":[{"href":"https:\/\/cassandreluc.fr\/index.php?rest_route=\/wp\/v2\/types\/page"}],"author":[{"embeddable":true,"href":"https:\/\/cassandreluc.fr\/index.php?rest_route=\/wp\/v2\/users\/2"}],"replies":[{"embeddable":true,"href":"https:\/\/cassandreluc.fr\/index.php?rest_route=%2Fwp%2Fv2%2Fcomments&post=1754"}],"version-history":[{"count":8,"href":"https:\/\/cassandreluc.fr\/index.php?rest_route=\/wp\/v2\/pages\/1754\/revisions"}],"predecessor-version":[{"id":1788,"href":"https:\/\/cassandreluc.fr\/index.php?rest_route=\/wp\/v2\/pages\/1754\/revisions\/1788"}],"wp:attachment":[{"href":"https:\/\/cassandreluc.fr\/index.php?rest_route=%2Fwp%2Fv2%2Fmedia&parent=1754"}],"curies":[{"name":"wp","href":"https:\/\/api.w.org\/{rel}","templated":true}]}}