{"id":2065,"date":"2020-05-09T10:19:10","date_gmt":"2020-05-09T08:19:10","guid":{"rendered":"http:\/\/cassandreluc.fr\/?page_id=2065"},"modified":"2020-06-06T13:25:16","modified_gmt":"2020-06-06T11:25:16","slug":"quartier-de-voyage","status":"publish","type":"page","link":"http:\/\/cassandreluc.fr\/?page_id=2065","title":{"rendered":"Quartier de Voyage arras"},"content":{"rendered":"<p>[vc_row][vc_column width=\u00a0\u00bb1\/2&Prime;][vc_custom_heading source=\u00a0\u00bbpost_title\u00a0\u00bb font_container=\u00a0\u00bbtag:h1|text_align:left|color:%231e73be\u00a0\u00bb use_theme_fonts=\u00a0\u00bbyes\u00a0\u00bb][vc_column_text font_weight=\u00a0\u00bb400&Prime;]<span class=\"oi732d6d ik7dh3pa d2edcug0 qv66sw1b c1et5uql a8c37x1j muag1w35 ew0dbk1b jq4qci2q a3bd9o3v knj5qynh oo9gr5id hzawbc8m\" dir=\"auto\" style=\"color: #000000;\"><br \/>\nQuartier de Voyage Arras Ouest<br \/>\nSi tout s&rsquo;\u00e9tait normalement pass\u00e9, hier le 8 mai, nous aurions du \u00eatre \u00e0 la braderie du quartier ouest avec les photos, les enregistrements, les dessins et les portraits en volume et automatis\u00e9s des gens et des asso que nous avons rencontr\u00e9 depuis octobre 2019. Et bien s\u00fbr,on aurait fait la teuf, bu des canons, on se serait marr\u00e9, serr\u00e9 dans les bras et moultes fois embrass\u00e9 ! On aurait \u00e9t\u00e9 simplement heureux de se retrouver tous ensemble dans la Rue qui est \u00e0 Nous! On ne va pas vous cacher que \u00e7a nous serre le c\u0153ur de ne pas f\u00eater nos retrouvailles comme pr\u00e9vu&#8230; Mais pas grave! on va faire autrement ! Et dans la Joie et dans la Bonne Humeur parce que ces deux l\u00e0 on nous les prendra pas! On postera alors r\u00e9guli\u00e8rement des albums retra\u00e7ant le voyage que nous avons fait aupr\u00e8s de vous et celui que nous avons r\u00e9alis\u00e9 dans nos ateliers et cela jusqu&rsquo;\u00e0 la rentr\u00e9e puisque un jour en vrai les portraits illustr\u00e9s sur bois et automatis\u00e9s arriveront \u00e0 destination!<\/span><\/p>\n<p><span style=\"color: #000000;\">QUE LE VOYAGE COMMENCE !!<\/span><br \/>\n<span style=\"color: #000000;\">on vous aime, on vous embrasse<\/span><\/p>\n<p><span style=\"color: #000000;\">Laurent, Cassandre des Rabistoks<\/span><br \/>\n<span style=\"color: #000000;\">Antonin et St\u00e9phanie des Baltringues<\/span>[\/vc_column_text][\/vc_column][vc_column width=\u00a0\u00bb1\/2&Prime;][vc_gallery type=\u00a0\u00bbimage_grid\u00a0\u00bb images=\u00a0\u00bb2071,2072,2073,2074&Prime; img_size=\u00a0\u00bbmedium\u00a0\u00bb css=\u00a0\u00bb.vc_custom_1589017373130{padding-top: 15px !important;}\u00a0\u00bb][\/vc_column][\/vc_row][vc_row][vc_column width=\u00a0\u00bb1\/2&Prime;][vc_custom_heading text=\u00a0\u00bb Jean Pierre et No\u00ebl \u00a0\u00bb font_container=\u00a0\u00bbtag:h1|text_align:left|color:%231e73be\u00a0\u00bb use_theme_fonts=\u00a0\u00bbyes\u00a0\u00bb][vc_column_text font_weight=\u00a0\u00bb400&Prime;]<span class=\"oi732d6d ik7dh3pa d2edcug0 qv66sw1b c1et5uql a8c37x1j muag1w35 ew0dbk1b jq4qci2q a3bd9o3v knj5qynh oo9gr5id hzawbc8m\" dir=\"auto\" style=\"color: #000000;\">Bient\u00f4t Jean Pierre et No\u00ebl pourront refumer c\u00f4te \u00e0 c\u00f4te eun&rsquo;bonne clope en bas de la tour Verlaine comme au bon vieux temps&#8230; Juste eun&rsquo;bonne clope. C\u00f4te \u00e0 c\u00f4te. Pas plus.<\/span>[\/vc_column_text][\/vc_column][vc_column width=\u00a0\u00bb1\/2&Prime;][vc_gallery type=\u00a0\u00bbimage_grid\u00a0\u00bb images=\u00a0\u00bb2121,2120&Prime; css=\u00a0\u00bb.vc_custom_1589795685169{padding-top: 15px !important;}\u00a0\u00bb][\/vc_column][\/vc_row][vc_row][vc_column width=\u00a0\u00bb1\/2&Prime;][vc_custom_heading text=\u00a0\u00bbTour Verlaine\u00a0\u00bb font_container=\u00a0\u00bbtag:h1|text_align:left|color:%231e73be\u00a0\u00bb use_theme_fonts=\u00a0\u00bbyes\u00a0\u00bb][vc_column_text font_weight=\u00a0\u00bb400&Prime;]<span style=\"color: #000000;\">Rencontre \u00e0 la tour Verlaine avec Josette, Chantal, Gilles, Monique et Jacques autour de plateaux de scrabble, de caf\u00e9s bien-s\u00fbr dans une\u00a0 ambiance paisible qui parfois peut monter d&rsquo;un ton parce que comme dit Josette \u00ab\u00a0c&rsquo;est la vie!\u00a0\u00bb<\/span>[\/vc_column_text][\/vc_column][vc_column width=\u00a0\u00bb1\/2&Prime;][vc_gallery type=\u00a0\u00bbimage_grid\u00a0\u00bb images=\u00a0\u00bb2129,2131,2132,2133,2134,2137,2136,2138&Prime; css=\u00a0\u00bb.vc_custom_1589796819185{padding-top: 15px !important;}\u00a0\u00bb][\/vc_column][\/vc_row][vc_row][vc_column width=\u00a0\u00bb1\/2&Prime;][vc_custom_heading text=\u00a0\u00bbMimouna\u00a0\u00bb font_container=\u00a0\u00bbtag:h1|text_align:left|color:%231e73be\u00a0\u00bb use_theme_fonts=\u00a0\u00bbyes\u00a0\u00bb][vc_column_text font_weight=\u00a0\u00bb400&Prime;]<span style=\"color: #000000;\">A la tour Verlaine\u00a0 nous avons rencontr\u00e9 un Soleil. Mimouna. Son pr\u00e9nom signifie \u00ab\u00a0moment de partage avec les voisins\u00a0\u00bb&#8230;<br \/>\n<\/span>[\/vc_column_text][\/vc_column][vc_column width=\u00a0\u00bb1\/2&Prime;][vc_gallery type=\u00a0\u00bbimage_grid\u00a0\u00bb images=\u00a0\u00bb2130,2140,2141,2142,2144,2146,2145,2143&Prime; css=\u00a0\u00bb.vc_custom_1589797274241{padding-top: 15px !important;}\u00a0\u00bb][\/vc_column][\/vc_row][vc_row][vc_column width=\u00a0\u00bb1\/2&Prime;][vc_custom_heading text=\u00a0\u00bbCentre Social Blum<br \/>\nUne promenade douce aupr\u00e8s de Chantal, Alain et Suzanne<br \/>\n\u00a0\u00bb font_container=\u00a0\u00bbtag:h1|text_align:left|color:%231e73be\u00a0\u00bb use_theme_fonts=\u00a0\u00bbyes\u00a0\u00bb][vc_column_text font_weight=\u00a0\u00bb400&Prime;]Ce jour l\u00e0 on a rendez-vous avec Maxime, notre pr\u00e9cieux m\u00e9diateur du Pharos pour une promenade dans le quartier aupr\u00e8s de trois marcheurs .Chantal organise des marches, marche rapide le mardi et marche douce le vendredi.Elle dessine son itin\u00e9raire selon les bancs parce qu&rsquo;on doit pouvoir de temps en temps reposer sa m\u00e9canique ! \u00ab\u00a0C&rsquo;est pas une course, on prend le temps!\u00a0\u00bb[\/vc_column_text][vc_btn title=\u00a0\u00bbLearn More &#8230;\u00a0\u00bb style=\u00a0\u00bbflat\u00a0\u00bb shape=\u00a0\u00bbround\u00a0\u00bb color=\u00a0\u00bbvista-blue\u00a0\u00bb][\/vc_column][vc_column width=\u00a0\u00bb1\/2&Prime;][vc_gallery type=\u00a0\u00bbimage_grid\u00a0\u00bb images=\u00a0\u00bb2153&Prime; img_size=\u00a0\u00bbmedium\u00a0\u00bb css=\u00a0\u00bb.vc_custom_1591437350984{padding-top: 15px !important;}\u00a0\u00bb][\/vc_column][\/vc_row][vc_row][vc_column width=\u00a0\u00bb1\/2&Prime;][vc_custom_heading text=\u00a0\u00bbAupr\u00e8s de Suzanne&#8230;\u00a0\u00bb font_container=\u00a0\u00bbtag:h1|text_align:left|color:%231e73be\u00a0\u00bb use_theme_fonts=\u00a0\u00bbyes\u00a0\u00bb][vc_column_text font_weight=\u00a0\u00bb400&Prime;]Aupr\u00e8s de Suzanne, c&rsquo;est beau, c&rsquo;est simple, juste, passionnant ! on parle de la vie,de la nature, de la vieillesse avec douceur et humour.[\/vc_column_text][vc_btn title=\u00a0\u00bbLearn More &#8230;\u00a0\u00bb style=\u00a0\u00bbflat\u00a0\u00bb shape=\u00a0\u00bbround\u00a0\u00bb color=\u00a0\u00bbvista-blue\u00a0\u00bb][\/vc_column][vc_column width=\u00a0\u00bb1\/2&Prime;][vc_gallery type=\u00a0\u00bbimage_grid\u00a0\u00bb images=\u00a0\u00bb2155,2156,2157,2158,2160,2179&Prime; img_size=\u00a0\u00bbmedium\u00a0\u00bb css=\u00a0\u00bb.vc_custom_1591442632079{padding-top: 15px !important;}\u00a0\u00bb][\/vc_column][\/vc_row][vc_row][vc_column width=\u00a0\u00bb1\/2&Prime;][vc_custom_heading text=\u00a0\u00bbAupr\u00e8s d&rsquo;Alain&#8230;\u00a0\u00bb font_container=\u00a0\u00bbtag:h1|text_align:left|color:%231e73be\u00a0\u00bb use_theme_fonts=\u00a0\u00bbyes\u00a0\u00bb][vc_column_text font_weight=\u00a0\u00bb400&Prime;]Aupr\u00e8s d&rsquo;Alain, on est paisible, tranquille, pas de bavardage inutile&#8230;[\/vc_column_text][vc_btn title=\u00a0\u00bbLearn More &#8230;\u00a0\u00bb style=\u00a0\u00bbflat\u00a0\u00bb shape=\u00a0\u00bbround\u00a0\u00bb color=\u00a0\u00bbvista-blue\u00a0\u00bb][\/vc_column][vc_column width=\u00a0\u00bb1\/2&Prime;][vc_gallery type=\u00a0\u00bbimage_grid\u00a0\u00bb images=\u00a0\u00bb2162,2163,2164,2181&Prime; css=\u00a0\u00bb.vc_custom_1591442662003{padding-top: 15px !important;}\u00a0\u00bb][\/vc_column][\/vc_row][vc_row][vc_column width=\u00a0\u00bb1\/2&Prime;][vc_custom_heading text=\u00a0\u00bbAupr\u00e8s de Chantal&#8230;\u00a0\u00bb font_container=\u00a0\u00bbtag:h1|text_align:left|color:%231e73be\u00a0\u00bb use_theme_fonts=\u00a0\u00bbyes\u00a0\u00bb][vc_column_text font_weight=\u00a0\u00bb400&Prime;]Aupr\u00e8s de Chantal, on part en voyage dans le temps.Chantal connait le quartier comme sa poche et l&rsquo;a vu changer de visage au cours des d\u00e9cennies.<\/p>\n<p>Il parait m\u00eame qu&rsquo;elle connait quelques passages secrets&#8230;[\/vc_column_text][vc_btn title=\u00a0\u00bbLearn More &#8230;\u00a0\u00bb style=\u00a0\u00bbflat\u00a0\u00bb shape=\u00a0\u00bbround\u00a0\u00bb color=\u00a0\u00bbvista-blue\u00a0\u00bb][\/vc_column][vc_column width=\u00a0\u00bb1\/2&Prime;][vc_gallery type=\u00a0\u00bbimage_grid\u00a0\u00bb images=\u00a0\u00bb2165,2166,2167,2176,2177&Prime; img_size=\u00a0\u00bbmedium\u00a0\u00bb css=\u00a0\u00bb.vc_custom_1591442587143{padding-top: 15px !important;}\u00a0\u00bb][\/vc_column][\/vc_row]<\/p>\n","protected":false},"excerpt":{"rendered":"<p>[vc_row][vc_column width=\u00a0\u00bb1\/2&Prime;][vc_custom_heading source=\u00a0\u00bbpost_title\u00a0\u00bb font_container=\u00a0\u00bbtag:h1|text_align:left|color:%231e73be\u00a0\u00bb use_theme_fonts=\u00a0\u00bbyes\u00a0\u00bb][vc_column_text font_weight=\u00a0\u00bb400&Prime;] Quartier de Voyage Arras Ouest Si tout s&rsquo;\u00e9tait normalement pass\u00e9, hier le 8 mai, nous aurions du \u00eatre \u00e0 la braderie du quartier ouest avec les photos, les enregistrements, les dessins et les portraits en volume et automatis\u00e9s des gens et des asso que nous avons rencontr\u00e9 depuis octobre [&hellip;]<\/p>\n","protected":false},"author":2,"featured_media":0,"parent":0,"menu_order":0,"comment_status":"closed","ping_status":"closed","template":"","meta":{"footnotes":""},"_links":{"self":[{"href":"http:\/\/cassandreluc.fr\/index.php?rest_route=\/wp\/v2\/pages\/2065"}],"collection":[{"href":"http:\/\/cassandreluc.fr\/index.php?rest_route=\/wp\/v2\/pages"}],"about":[{"href":"http:\/\/cassandreluc.fr\/index.php?rest_route=\/wp\/v2\/types\/page"}],"author":[{"embeddable":true,"href":"http:\/\/cassandreluc.fr\/index.php?rest_route=\/wp\/v2\/users\/2"}],"replies":[{"embeddable":true,"href":"http:\/\/cassandreluc.fr\/index.php?rest_route=%2Fwp%2Fv2%2Fcomments&post=2065"}],"version-history":[{"count":26,"href":"http:\/\/cassandreluc.fr\/index.php?rest_route=\/wp\/v2\/pages\/2065\/revisions"}],"predecessor-version":[{"id":2182,"href":"http:\/\/cassandreluc.fr\/index.php?rest_route=\/wp\/v2\/pages\/2065\/revisions\/2182"}],"wp:attachment":[{"href":"http:\/\/cassandreluc.fr\/index.php?rest_route=%2Fwp%2Fv2%2Fmedia&parent=2065"}],"curies":[{"name":"wp","href":"https:\/\/api.w.org\/{rel}","templated":true}]}}